{"id":4458,"date":"2018-06-22T07:09:57","date_gmt":"2018-06-22T07:09:57","guid":{"rendered":"http:\/\/www.habios.eu\/fr\/?page_id=4458"},"modified":"2020-02-04T13:45:56","modified_gmt":"2020-02-04T13:45:56","slug":"mentions-legales","status":"publish","type":"page","link":"https:\/\/www.habios.eu\/fr\/mentions-legales\/","title":{"rendered":"Mentions l\u00e9gales"},"content":{"rendered":"<section class=\"av_textblock_section \"  itemscope=\"itemscope\" itemtype=\"https:\/\/schema.org\/CreativeWork\" ><div class='avia_textblock  '   itemprop=\"text\" ><p><strong><u>AVISO LEGAL-POLITICA DE PRIVACIDAD:<\/u><\/strong><\/p>\n<ol>\n<li><strong>Datos de la empresa<\/strong><\/li>\n<\/ol>\n<p>En cumplimiento del art\u00edculo 10 de la Ley 34\/2002, de 11 de julio, de Servicios de la Sociedad de la Informaci\u00f3n y Comercio Electr\u00f3nico, a continuaci\u00f3n, se exponen los datos identificativos de la empresa.<\/p>\n<ul>\n<li>Denominaci\u00f3n social:\u00a0<strong>GESTION AMBIENTAL DE NAVARRA SA<\/strong><\/li>\n<li>I.F.\/N.I.F.:\u00a0<strong>A31112502<\/strong><\/li>\n<li>Domicilio Social:\u00a0<strong>C\/ Padre Adoain 219 bajo<em>,<\/em><\/strong>\u00a0<strong>31015<\/strong>\u00a0<strong>Pamplona\u00a0<\/strong>(<strong>Navarra<\/strong>)<\/li>\n<li>Inscrita en el Registro Mercantil de Navarra, Hoja 4553\u00a0<strong>\u2013<\/strong>, Folio\u00a0<strong>35\u00a0<\/strong>Tomo 465.260 Secci\u00f3n 3\u00aa, Inscripci\u00f3n 1\u00aa<\/li>\n<li>Tel\u00e9fono:\u00a0<strong>848420700<\/strong><\/li>\n<li>info@gan-nik.es<\/li>\n<\/ul>\n<ol start=\"2\">\n<li><strong>Propiedad intelectual<\/strong><\/li>\n<\/ol>\n<p>El c\u00f3digo fuente, los dise\u00f1os gr\u00e1ficos, las im\u00e1genes, las fotograf\u00edas, los sonidos, las animaciones, el software, los textos, as\u00ed como la informaci\u00f3n y los contenidos que se recogen en el presente sitio web est\u00e1n protegidos por la legislaci\u00f3n espa\u00f1ola sobre los derechos de propiedad intelectual e industrial a favor de\u00a0<strong>GESTION AMBIENTAL DE NAVARRA SA<\/strong>\u00a0 y no se permite la reproducci\u00f3n y\/o publicaci\u00f3n, total o parcial, del sitio web, ni su tratamiento inform\u00e1tico, su distribuci\u00f3n, su difusi\u00f3n, ni su modificaci\u00f3n, transformaci\u00f3n o descompilaci\u00f3n, ni dem\u00e1s derechos reconocidos legalmente a su titular, sin el permiso previo y por escrito del mismo\u00a0<strong>GESTION AMBIENTAL DE NAVARRA SA<\/strong>.<\/p>\n<p>El usuario, \u00fanica y exclusivamente, puede utilizar el material que aparezca en este sitio web para su uso personal y privado, quedando prohibido su uso con fines comerciales o para incurrir en actividades il\u00edcitas. Todos los derechos derivados de la propiedad intelectual est\u00e1n expresamente reservados por\u00a0<strong>GESTION AMBIENTAL DE NAVARRA SA<\/strong>.<\/p>\n<p><strong>GESTION AMBIENTAL DE NAVARRA SA<\/strong>\u00a0velar\u00e1 por el cumplimiento de las anteriores condiciones como por la debida utilizaci\u00f3n de los contenidos presentados en sus p\u00e1ginas web, ejercit\u00e1ndose todas las acciones civiles y penales que le correspondan en el caso de infracci\u00f3n o incumplimiento de estos derechos por parte del usuario.<\/p>\n<ol start=\"3\">\n<li><strong>Protecci\u00f3n de datos de car\u00e1cter personal<\/strong><\/li>\n<\/ol>\n<p><strong>Pol\u00edtica de privacidad de GESTION AMBIENTAL DE NAVARRA SA<\/strong><\/p>\n<ul>\n<li>Cada vez que use este sitio Web estar\u00e1 bajo la aplicaci\u00f3n de la Pol\u00edtica de Privacidad vigente en cada momento, debiendo revisar dicho texto para comprobar que est\u00e1 conforme con \u00e9l.<\/li>\n<li>Los datos personales que nos aporta ser\u00e1n objeto de tratamiento en ficheros de los que es responsable\u00a0<strong>GESTION AMBIENTAL DE NAVARRA SA<\/strong>\u00a0cuyas finalidades son:\n<ol>\n<li>atender las solicitudes que nos plantee<\/li>\n<li>proporcionarle informaci\u00f3n acerca de nuestros servicios y enviarle comunicaciones por cualquier medio, inclusive electr\u00f3nicos que nos haya facilitado para hacerlo.<\/li>\n<\/ol>\n<\/li>\n<li>Podr\u00e1 ejercitar sus derechos de acceso, rectificaci\u00f3n, supresi\u00f3n, portabilidad, limitaci\u00f3n de tratamiento y revocar el consentimiento prestado dirigiendo escrito con copia de su DNI a la direcci\u00f3n antes indicada.<\/li>\n<\/ul>\n<ol start=\"4\">\n<li><strong>Varios<\/strong><\/li>\n<\/ol>\n<p><strong>A.-<\/strong>\u00a0Cookies:<\/p>\n<p>Podemos recabar informaci\u00f3n sobre tu ordenador, incluido, en su caso, su direcci\u00f3n de IP, sistema operativo y tipo de navegador, para la administraci\u00f3n del sistema. Se trata de datos estad\u00edsticos sobre c\u00f3mo navegar por nuestro sitio Web.<\/p>\n<p>Por la misma raz\u00f3n, podemos obtener informaci\u00f3n sobre su uso general de Internet mediante un archivo de cookies que se almacena en el disco duro de su ordenador. Las cookies contienen informaci\u00f3n que se transfiere al disco duro de su ordenador.<\/p>\n<p>Las cookies nos ayudan a mejorar nuestro sitio Web y a prestar un servicio mejor y m\u00e1s personalizado. En concreto, nos permiten:<\/p>\n<ul>\n<li>Hacer una estimaci\u00f3n sobre n\u00fameros y patrones de uso.<\/li>\n<li>Almacenar informaci\u00f3n acerca de sus preferencias y personalizar nuestro sitio web de conformidad con tus intereses individuales.<\/li>\n<li>Acelerar sus b\u00fasquedas.<\/li>\n<li>Reconocerle cuando regrese de nuevo a nuestro sitio.<\/li>\n<\/ul>\n<p>Puede negarse a aceptar cookies activando la configuraci\u00f3n en su navegador que permite rechazarlas. No obstante, si selecciona esta configuraci\u00f3n, quiz\u00e1s no pueda acceder a determinadas partes del Sitio Web o aprovecharse de alguno de nuestros servicios. A menos que haya ajustado la configuraci\u00f3n de su navegador de forma que rechace cookies, nuestro sistema producir\u00e1 cookies cuando se conecte a nuestro sitio.<\/p>\n<p><strong>B.<\/strong>\u2013\u00a0<strong>GESTION AMBIENTAL DE NAVARRA SA<\/strong>\u00a0podr\u00e1 modificar, sin previo aviso, la informaci\u00f3n contenida en su sitio web, as\u00ed como su configuraci\u00f3n y presentaci\u00f3n.<\/p>\n<p><strong>C.<\/strong>\u2013\u00a0<strong>GESTION AMBIENTAL DE NAVARRA SA<\/strong>\u00a0se compromete a trav\u00e9s de este medio a NO REALIZAR PUBLICIDAD ENGA\u00d1OSA. A estos efectos, por lo tanto, no ser\u00e1n considerados como publicidad enga\u00f1osa los errores formales o num\u00e9ricos que puedan encontrarse a lo largo del contenido de las distintas secciones de la web de\u00a0<strong>GESTION AMBIENTAL DE NAVARRA SA<\/strong>\u00a0producidos como consecuencia de un mantenimiento y\/o actualizaci\u00f3n incompleta o defectuosa de la informaci\u00f3n contenida en estas secciones.<\/p>\n<p><strong>GESTION AMBIENTAL DE NAVARRA SA<\/strong>\u00a0como consecuencia de lo dispuesto en este apartado, se compromete a corregirlo tan pronto como tenga conocimiento de dichos errores.<\/p>\n<p><strong>D<\/strong>.-\u00a0<strong>GESTION AMBIENTAL DE NAVARRA SA<\/strong>\u00a0se compromete a NO REMITIR COMUNICACIONES COMERCIALES SIN IDENTIFICARLAS COMO TALES, conforme a lo dispuesto en la Ley 34\/2002 de Servicios de la Sociedad de la Informaci\u00f3n y de comercio electr\u00f3nico. A estos efectos no ser\u00e1 considerado como comunicaci\u00f3n comercial toda la informaci\u00f3n que se env\u00ede a LOS CLIENTES de\u00a0<strong>GESTION AMBIENTAL DE NAVARRA SA<\/strong>\u00a0siempre que tenga por finalidad el mantenimiento de la relaci\u00f3n contractual existente entre cliente y\u00a0<strong>GESTION AMBIENTAL DE NAVARRA SA<\/strong>, as\u00ed como el desempe\u00f1o de las tareas de informaci\u00f3n, formaci\u00f3n y otras actividades propias del servicio que el cliente tiene contratado con la empresa.<\/p>\n<p><strong>E.<\/strong>\u2013\u00a0<strong>GESTION AMBIENTAL DE NAVARRA SA<\/strong>\u00a0no se hace responsable del incumplimiento de cualquier norma aplicable en que pueda incurrir el usuario en su acceso al sitio web el presente sitio web y\/o en el uso de las informaciones contenidas en el mismo.<\/p>\n<p><strong>F.<\/strong>\u2013\u00a0<strong>GESTION AMBIENTAL DE NAVARRA SA<\/strong>\u00a0no ser\u00e1 responsable de los da\u00f1os y perjuicios producidos o que puedan producirse, cualquiera que sea su naturaleza, que se deriven del uso de la informaci\u00f3n, de las materias contenidas en este web site y de los programas que incorpora. Los enlaces (Links) e hipertexto que posibiliten, a trav\u00e9s del sitio web el presente sitio web, acceder al usuario a prestaciones y servicios ofrecidos por terceros, no pertenecen ni se encuentran bajo el control de\u00a0<strong>GESTION AMBIENTAL DE NAVARRA SA<\/strong>; dicha entidad no se hace responsable ni de la informaci\u00f3n contenida en los mismos, ni de cualesquiera efectos que pudieran derivarse de dicha informaci\u00f3n.<\/p>\n<p><strong>G.<\/strong>\u2013\u00a0<strong>GESTION AMBIENTAL DE NAVARRA SA<\/strong>\u00a0no se hace responsable del uso ileg\u00edtimo que terceras personas puedan hacer de los nombres de marca, nombres de producto, marcas comerciales que, no siendo propiedad de dicha entidad, aparezcan en el presente sitio web. Tampoco se responsabiliza de la integridad, veracidad y licitud del contenido de los enlaces a las webs a las que pueda accederse desde el presente sitio web.<\/p>\n<p><strong>H.<\/strong>\u2013 En definitiva, el Usuario es el \u00fanico responsable del uso que realice de los servicios, contenidos, enlaces (links) e hipertexto incluidos en el sitio web el presente sitio web.<\/p>\n<\/div><\/section>\n","protected":false},"excerpt":{"rendered":"","protected":false},"author":1,"featured_media":0,"parent":0,"menu_order":0,"comment_status":"closed","ping_status":"closed","template":"","meta":{"footnotes":""},"class_list":["post-4458","page","type-page","status-publish","hentry"],"_links":{"self":[{"href":"https:\/\/www.habios.eu\/fr\/wp-json\/wp\/v2\/pages\/4458","targetHints":{"allow":["GET"]}}],"collection":[{"href":"https:\/\/www.habios.eu\/fr\/wp-json\/wp\/v2\/pages"}],"about":[{"href":"https:\/\/www.habios.eu\/fr\/wp-json\/wp\/v2\/types\/page"}],"author":[{"embeddable":true,"href":"https:\/\/www.habios.eu\/fr\/wp-json\/wp\/v2\/users\/1"}],"replies":[{"embeddable":true,"href":"https:\/\/www.habios.eu\/fr\/wp-json\/wp\/v2\/comments?post=4458"}],"version-history":[{"count":3,"href":"https:\/\/www.habios.eu\/fr\/wp-json\/wp\/v2\/pages\/4458\/revisions"}],"predecessor-version":[{"id":18161,"href":"https:\/\/www.habios.eu\/fr\/wp-json\/wp\/v2\/pages\/4458\/revisions\/18161"}],"wp:attachment":[{"href":"https:\/\/www.habios.eu\/fr\/wp-json\/wp\/v2\/media?parent=4458"}],"curies":[{"name":"wp","href":"https:\/\/api.w.org\/{rel}","templated":true}]}}