{"id":18313,"date":"2020-11-09T17:01:00","date_gmt":"2020-11-09T17:01:00","guid":{"rendered":"http:\/\/www.habios.eu\/eus\/?page_id=18313"},"modified":"2020-12-28T12:04:08","modified_gmt":"2020-12-28T11:04:08","slug":"amaierako-mintegia","status":"publish","type":"page","link":"https:\/\/www.habios.eu\/eus\/amaierako-mintegia\/","title":{"rendered":"Amaierako mintegia"},"content":{"rendered":"<div class=\"flex_column av_one_full  flex_column_div av-zero-column-padding first  \" style='border-radius:0px; '><section class=\"av_textblock_section \"  itemscope=\"itemscope\" itemtype=\"https:\/\/schema.org\/CreativeWork\" ><div class='avia_textblock  '   itemprop=\"text\" ><h1 style=\"text-align: center;\">AMAIERAKO MINTEGIA. EFA079\/15 HABIOS PROIEKTUA<\/h1>\n<h2 style=\"text-align: center;\"><strong>E G I T A R A R U A<\/strong><\/h2>\n<\/div><\/section><\/div>\n<div class=\"flex_column av_three_fourth  flex_column_div av-zero-column-padding first  \" style='border-radius:0px; '><p><div style='padding-bottom:10px; font-size:20px;' class='av-special-heading av-special-heading-h3  blockquote modern-quote   av-inherit-size '><h3 class='av-special-heading-tag '  itemprop=\"headline\"  >ASTEAZKENA, urriaren 28a<\/h3><div class='special-heading-border'><div class='special-heading-inner-border' ><\/div><\/div><\/div><br \/>\n<div class=\"togglecontainer  av-minimal-toggle toggle_close_all \" >\n<section class=\"av_toggle_section\"  itemscope=\"itemscope\" itemtype=\"https:\/\/schema.org\/CreativeWork\"  >    <div class=\"single_toggle\" data-tags=\"{Todo} \"  >        <p data-fake-id=\"#toggle-id-1\" class=\"toggler  av-inherit-font-color \"  itemprop=\"headline\"  style='background-color: #f9f9f9; color: #000000; '>Galliformeak kontserbatzeko egin diren ekintzak<span class=\"toggle_icon\" style='border-color:#000000;'>        <span class=\"vert_icon\"><\/span><span class=\"hor_icon\"><\/span><\/span><\/p>        <div id=\"toggle-id-1-container\" class=\"toggle_wrap \"  >            <div class=\"toggle_content invers-color  av-inherit-font-color \"  itemprop=\"text\"  style='background-color: #f9f9f9; color: #000000; ' ><ul>\n<li><strong>EFA079\/15 proiektuaren aurkezpena. HABIOS: <\/strong><strong>Pirinioetako hegazti-fauna bioadierazlearen habitatak babestu eta kudeatzea.<\/strong><\/li>\n<\/ul>\n<p style=\"padding-left: 100px;\"><a href=\"https:\/\/vimeo.com\/494089610\"><img loading=\"lazy\" decoding=\"async\" class=\"alignnone\" src=\"https:\/\/www.habios.eu\/wp-content\/uploads\/2020\/11\/video.png\" alt=\"\" width=\"25\" height=\"25\" \/><\/a> <strong>Pablo Mu\u00f1oz<\/strong>.\u00a0Ingurumeneko zuzendari nagusia. Nafarroako Gobernua<\/p>\n<ul>\n<li><strong>Jardunaldiaren sarrera. Mendiko Galliformeen jarraipena egiteko ekintzak, teknologia berriak erabiliz.<\/strong><\/li>\n<\/ul>\n<p style=\"padding-left: 100px;\"><a href=\"https:\/\/www.habios.eu\/wp-content\/uploads\/2020\/11\/2020-10-28_1_02-Kevin-Foulche.pdf\"><img loading=\"lazy\" decoding=\"async\" class=\"alignnone\" src=\"https:\/\/www.habios.eu\/wp-content\/uploads\/2020\/11\/VerPDF.png\" alt=\"\" width=\"25\" height=\"25\" \/><\/a> <a href=\"https:\/\/vimeo.com\/494089706\"><img loading=\"lazy\" decoding=\"async\" class=\"alignnone\" src=\"https:\/\/www.habios.eu\/wp-content\/uploads\/2020\/11\/video.png\" alt=\"\" width=\"25\" height=\"25\" \/><\/a> <strong>Kevin Foulch\u00e9<\/strong>. Office Fran\u00e7ais de la Biodiversit\u00e9. Aurkezlea.<\/p>\n<ul>\n<li><strong>Eper grisaren ale lurraldekoiak harrapatu eta haien jarraipena egitea Huescako Pirinioetan<\/strong><\/li>\n<\/ul>\n<p style=\"padding-left: 100px;\"><a href=\"https:\/\/www.habios.eu\/wp-content\/uploads\/2020\/11\/2020-10-28_1_03-Ramon-Jato.pdf\"><img loading=\"lazy\" decoding=\"async\" class=\"alignnone\" src=\"https:\/\/www.habios.eu\/wp-content\/uploads\/2020\/11\/VerPDF.png\" alt=\"\" width=\"25\" height=\"25\" \/><\/a> <a href=\"https:\/\/vimeo.com\/494089791\"><img loading=\"lazy\" decoding=\"async\" class=\"alignnone\" src=\"https:\/\/www.habios.eu\/wp-content\/uploads\/2020\/11\/video.png\" alt=\"\" width=\"25\" height=\"25\" \/><\/a> <strong>Ram\u00f3n Jato<\/strong>.\u00a0SARGA, Sociedad Instrumental del Gobierno de Arag\u00f3n<\/p>\n<ul>\n<li><strong>Garona garaian GPS igorgailuz ekipatutako eper grisen espazioaren erabil<\/strong><\/li>\n<\/ul>\n<p style=\"padding-left: 100px;\"><a href=\"https:\/\/www.habios.eu\/wp-content\/uploads\/2020\/11\/2020-10-28_1_04-Karine-Saint-Hilaire.pdf\"><img loading=\"lazy\" decoding=\"async\" class=\"alignnone\" src=\"https:\/\/www.habios.eu\/wp-content\/uploads\/2020\/11\/VerPDF.png\" alt=\"\" width=\"25\" height=\"25\" \/><\/a> <a href=\"https:\/\/vimeo.com\/494089924\"><img loading=\"lazy\" decoding=\"async\" class=\"alignnone\" src=\"https:\/\/www.habios.eu\/wp-content\/uploads\/2020\/11\/video.png\" alt=\"\" width=\"25\" height=\"25\" \/><\/a> <strong>Karine Saint-Hilaire<\/strong>. F\u00e9d\u00e9ration R\u00e9gionale des Chasseurs d\u2019Occitanie<\/p>\n<ul>\n<li><strong>Galliformeen harrapatzea eta haren jarraipena egitea Catalunyan.<\/strong><\/li>\n<\/ul>\n<p style=\"padding-left: 100px;\"><a href=\"https:\/\/www.habios.eu\/wp-content\/uploads\/2020\/11\/2020-10-28_1_05-Ivan-Afonso.pdf\"><img loading=\"lazy\" decoding=\"async\" class=\"alignnone\" src=\"https:\/\/www.habios.eu\/wp-content\/uploads\/2020\/11\/VerPDF.png\" alt=\"\" width=\"25\" height=\"25\" \/><\/a> <a href=\"https:\/\/vimeo.com\/494090158\"><img loading=\"lazy\" decoding=\"async\" class=\"alignnone\" src=\"https:\/\/www.habios.eu\/wp-content\/uploads\/2020\/11\/video.png\" alt=\"\" width=\"25\" height=\"25\" \/><\/a> <strong>Ivan Afonso<\/strong>.\u00a0Conselh Generau d&#8217;Aran<\/p>\n<ul>\n<li><strong>Basoilarra Frantzian markatzeko eta haren jarraipena egiteko esperientziak<\/strong><\/li>\n<\/ul>\n<p style=\"padding-left: 100px;\"><a href=\"https:\/\/www.habios.eu\/wp-content\/uploads\/2020\/11\/2020-10-28_1_06-Quentin-Giry.pdf\"><img loading=\"lazy\" decoding=\"async\" class=\"alignnone\" src=\"https:\/\/www.habios.eu\/wp-content\/uploads\/2020\/11\/VerPDF.png\" alt=\"\" width=\"25\" height=\"25\" \/><\/a> <a href=\"https:\/\/vimeo.com\/494090299\"><img loading=\"lazy\" decoding=\"async\" class=\"alignnone\" src=\"https:\/\/www.habios.eu\/wp-content\/uploads\/2020\/11\/video.png\" alt=\"\" width=\"25\" height=\"25\" \/><\/a> <strong>Quentin Giry<\/strong>.\u00a0Office National des For\u00eats<\/p>\n<ul>\n<li><strong>Teknologia berriak, basoilar populazioen jarraipena kanta-tokietan egiteko: argazki-tranpak eta bioakustika.<\/strong><\/li>\n<\/ul>\n<p style=\"padding-left: 100px;\"><a href=\"https:\/\/www.habios.eu\/wp-content\/uploads\/2020\/11\/2020-10-28_1_07-David-Guixe.pdf\"><img loading=\"lazy\" decoding=\"async\" class=\"alignnone\" src=\"https:\/\/www.habios.eu\/wp-content\/uploads\/2020\/11\/VerPDF.png\" alt=\"\" width=\"25\" height=\"25\" \/><\/a> <strong>David Guix\u00e9<\/strong>.\u00a0Centre de Ci\u00e8ncia i Tecnologia Forestal de Catalunya<\/p>\n<ul>\n<li><strong>Biodibertsitatearen erantzunaren jarraipen akustikoa basoilarraren habitatak lehengoratu izanaren aurrean<\/strong><\/li>\n<\/ul>\n<p style=\"padding-left: 100px;\"><a href=\"https:\/\/www.habios.eu\/wp-content\/uploads\/2020\/11\/2020-10-28_1_08-Kevin-Foulche.pdf\"><img loading=\"lazy\" decoding=\"async\" class=\"alignnone\" src=\"https:\/\/www.habios.eu\/wp-content\/uploads\/2020\/11\/VerPDF.png\" alt=\"\" width=\"25\" height=\"25\" \/><\/a> <a href=\"https:\/\/vimeo.com\/494090440\"><img loading=\"lazy\" decoding=\"async\" class=\"alignnone\" src=\"https:\/\/www.habios.eu\/wp-content\/uploads\/2020\/11\/video.png\" alt=\"\" width=\"25\" height=\"25\" \/><\/a> <strong>Kevin Foulch\u00e9<\/strong>. Office Fran\u00e7ais de la Biodiversit\u00e9<\/p>\n<ul>\n<li><strong>Dron eta lurreko LiDAR teknologiaren erabilera basoilarraren habitataren egiturazko ezaugarritzea unada eskalan egiteko<\/strong><\/li>\n<\/ul>\n<p style=\"padding-left: 100px;\"><a href=\"https:\/\/www.habios.eu\/wp-content\/uploads\/2020\/11\/2020-10-28_1_09-Txema-Martinez-Oscar-Schwendtner.pdf\"><img loading=\"lazy\" decoding=\"async\" class=\"alignnone\" src=\"https:\/\/www.habios.eu\/wp-content\/uploads\/2020\/11\/VerPDF.png\" alt=\"\" width=\"25\" height=\"25\" \/><\/a> <a href=\"https:\/\/vimeo.com\/494090517\"><img loading=\"lazy\" decoding=\"async\" class=\"alignnone\" src=\"https:\/\/www.habios.eu\/wp-content\/uploads\/2020\/11\/video.png\" alt=\"\" width=\"25\" height=\"25\" \/><\/a> <strong>Jos\u00e9 Mar\u00eda Mart\u00ednez<\/strong>. Gobierno de Arag\u00f3n. <strong>Oscar Schwendtner<\/strong>. Bioma Forestal &amp; 4Datum SL<\/p>\n<ul>\n<li><strong>Lagopodo alpetarraren populazioaren dibertsitate generikoaren lehengoratzea, Canigou-Puigmal gunean: emaitzak, traslokazioa egin eta 10 urtera.<\/strong><\/li>\n<\/ul>\n<p style=\"padding-left: 100px;\"><a href=\"https:\/\/www.habios.eu\/wp-content\/uploads\/2020\/11\/2020-10-28_1_10-Emmanuel-Menoni.pdf\"><img loading=\"lazy\" decoding=\"async\" class=\"alignnone\" src=\"https:\/\/www.habios.eu\/wp-content\/uploads\/2020\/11\/VerPDF.png\" alt=\"\" width=\"25\" height=\"25\" \/><\/a> <a href=\"https:\/\/vimeo.com\/494090714\"><img loading=\"lazy\" decoding=\"async\" class=\"alignnone\" src=\"https:\/\/www.habios.eu\/wp-content\/uploads\/2020\/11\/video.png\" alt=\"\" width=\"25\" height=\"25\" \/><\/a> <strong>Emmanuel Menoni<\/strong>.\u00a0Office Fran\u00e7ais de la Biodiversit\u00e9<\/p>\n<ul>\n<li><strong>Galliformeen jarraipen ekintzen emaitzak<\/strong><\/li>\n<\/ul>\n<p style=\"padding-left: 100px;\"><a href=\"https:\/\/www.habios.eu\/wp-content\/uploads\/2020\/11\/2020-10-28_1_11-Kevin-Foulche.pdf\"><img loading=\"lazy\" decoding=\"async\" class=\"alignnone\" src=\"https:\/\/www.habios.eu\/wp-content\/uploads\/2020\/11\/VerPDF.png\" alt=\"\" width=\"25\" height=\"25\" \/><\/a> <a href=\"https:\/\/vimeo.com\/494090765\"><img loading=\"lazy\" decoding=\"async\" class=\"alignnone\" src=\"https:\/\/www.habios.eu\/wp-content\/uploads\/2020\/11\/video.png\" alt=\"\" width=\"25\" height=\"25\" \/><\/a> <strong>Kevin Foulch\u00e9<\/strong>.\u00a0Office Fran\u00e7ais de la Biodiversit\u00e9<\/p>\n<ul>\n<li><a href=\"https:\/\/vimeo.com\/494090896\"><img loading=\"lazy\" decoding=\"async\" class=\"alignnone\" src=\"https:\/\/www.habios.eu\/wp-content\/uploads\/2020\/11\/video.png\" alt=\"\" width=\"25\" height=\"25\" \/><\/a><strong> GALDEREN TXANDA<\/strong><\/li>\n<\/ul>\n            <\/div>        <\/div>    <\/div><\/section>\n<section class=\"av_toggle_section\"  itemscope=\"itemscope\" itemtype=\"https:\/\/schema.org\/CreativeWork\"  >    <div class=\"single_toggle\" data-tags=\"{Todo} \"  >        <p data-fake-id=\"#toggle-id-2\" class=\"toggler  av-inherit-font-color \"  itemprop=\"headline\"  style='background-color: #f9f9f9; color: #000000; '>Pizidoak eta tengmalm hontza kontserbatzeko egin diren jarduketak<span class=\"toggle_icon\" style='border-color:#000000;'>        <span class=\"vert_icon\"><\/span><span class=\"hor_icon\"><\/span><\/span><\/p>        <div id=\"toggle-id-2-container\" class=\"toggle_wrap \"  >            <div class=\"toggle_content invers-color  av-inherit-font-color \"  itemprop=\"text\"  style='background-color: #f9f9f9; color: #000000; ' ><ul>\n<li><strong>Jardunaldiaren sarrera<\/strong><\/li>\n<\/ul>\n<p style=\"padding-left: 100px;\"><a href=\"https:\/\/vimeo.com\/494098663\"><img loading=\"lazy\" decoding=\"async\" class=\"alignnone\" src=\"https:\/\/www.habios.eu\/wp-content\/uploads\/2020\/11\/video.png\" alt=\"\" width=\"25\" height=\"25\" \/><\/a> <strong>Miguel Mari Elosegi<\/strong>. Nafarroako Gobernua. Aurkezlea<\/p>\n<ul>\n<li><strong>Habitataren modelizazioa eskala piriniotarrean: Tengmalm hontzaren kasua<\/strong><\/li>\n<\/ul>\n<p style=\"padding-left: 100px;\"><a href=\"https:\/\/www.habios.eu\/wp-content\/uploads\/2020\/11\/2020-10-28_2_02-Dani-Villero-Laura-Reorder.pdf\"><img loading=\"lazy\" decoding=\"async\" class=\"alignnone\" src=\"https:\/\/www.habios.eu\/wp-content\/uploads\/2020\/11\/VerPDF.png\" alt=\"\" width=\"25\" height=\"25\" \/><\/a> <a href=\"https:\/\/vimeo.com\/494098681\"><img loading=\"lazy\" decoding=\"async\" class=\"alignnone\" src=\"https:\/\/www.habios.eu\/wp-content\/uploads\/2020\/11\/video.png\" alt=\"\" width=\"25\" height=\"25\" \/><\/a> <strong>Dani Villero eta Laura Recoder<\/strong>. Centre de Ci\u00e8ncia i Tecnologia Forestal de Catalunya<\/p>\n<ul>\n<li><strong>Tengmalm hontza kontserbatzeko oihan-gomendioak.<\/strong><\/li>\n<\/ul>\n<p style=\"padding-left: 100px;\"><a href=\"https:\/\/www.habios.eu\/wp-content\/uploads\/2020\/11\/2020-10-28_2_03-Ramon-Jato-Jordi-Camprodon.pdf\"><img loading=\"lazy\" decoding=\"async\" class=\"alignnone\" src=\"https:\/\/www.habios.eu\/wp-content\/uploads\/2020\/11\/VerPDF.png\" alt=\"\" width=\"25\" height=\"25\" \/><\/a> <a href=\"https:\/\/vimeo.com\/494098761\"><img loading=\"lazy\" decoding=\"async\" class=\"alignnone\" src=\"https:\/\/www.habios.eu\/wp-content\/uploads\/2020\/11\/video.png\" alt=\"\" width=\"25\" height=\"25\" \/><\/a> <strong>Ram\u00f3n Jato<\/strong>. SARGA, Sociedad Instrumental del Gobierno de Arag\u00f3n.\u00a0 <strong>Jordi Camprodon<\/strong>. Centre de Ci\u00e8ncia i Tecnologia Forestal de Catalunya.<\/p>\n<ul>\n<li><strong>Okil gibelnabarraren GPS jarraipena eta habitataren kudeaketa Nafarroan<\/strong><\/li>\n<\/ul>\n<p style=\"padding-left: 100px;\"><a href=\"https:\/\/www.habios.eu\/wp-content\/uploads\/2020\/11\/2020-10-28_2_04-David-Campion.pdf\"><img loading=\"lazy\" decoding=\"async\" class=\"alignnone\" src=\"https:\/\/www.habios.eu\/wp-content\/uploads\/2020\/11\/VerPDF.png\" alt=\"\" width=\"25\" height=\"25\" \/><\/a> <a href=\"https:\/\/vimeo.com\/494098892\"><img loading=\"lazy\" decoding=\"async\" class=\"alignnone\" src=\"https:\/\/www.habios.eu\/wp-content\/uploads\/2020\/11\/video.png\" alt=\"\" width=\"25\" height=\"25\" \/><\/a> <strong>David Campi\u00f3n<\/strong>. HABIOS ekimenaren arduraduna Nafarroako Ingurumen Kudeaketan (2016-2019)<\/p>\n<ul>\n<li><strong>Okil beltza eta baso-landaketak: kalitatezko habitata?<\/strong><\/li>\n<\/ul>\n<p style=\"padding-left: 100px;\"><a href=\"https:\/\/www.habios.eu\/wp-content\/uploads\/2020\/11\/2020-10-28_2_05-Txema-Fernandez.pdf\"><img loading=\"lazy\" decoding=\"async\" class=\"alignnone\" src=\"https:\/\/www.habios.eu\/wp-content\/uploads\/2020\/11\/VerPDF.png\" alt=\"\" width=\"25\" height=\"25\" \/><\/a> <a href=\"https:\/\/vimeo.com\/494099156\"><img loading=\"lazy\" decoding=\"async\" class=\"alignnone\" src=\"https:\/\/www.habios.eu\/wp-content\/uploads\/2020\/11\/video.png\" alt=\"\" width=\"25\" height=\"25\" \/><\/a> <strong>Jos\u00e9 Mar\u00eda Fern\u00e1ndez<\/strong>. Fundaci\u00f3n HAZI Fundazioa<\/p>\n<ul>\n<li><strong>Aran araneko okil ertainaren ugaritasuna zehaztea lankidetzako laginketen bidez<\/strong><\/li>\n<\/ul>\n<p style=\"padding-left: 100px;\"><a href=\"https:\/\/www.habios.eu\/wp-content\/uploads\/2020\/11\/2020-10-28_2_06-Ivan-Afonso.pdf\"><img loading=\"lazy\" decoding=\"async\" class=\"alignnone\" src=\"https:\/\/www.habios.eu\/wp-content\/uploads\/2020\/11\/VerPDF.png\" alt=\"\" width=\"25\" height=\"25\" \/><\/a> <a href=\"https:\/\/vimeo.com\/494098295\"><img loading=\"lazy\" decoding=\"async\" class=\"alignnone\" src=\"https:\/\/www.habios.eu\/wp-content\/uploads\/2020\/11\/video.png\" alt=\"\" width=\"25\" height=\"25\" \/><\/a> <strong>Ivan Afonso<\/strong>. Conselh Generau d&#8217;Aran<\/p>\n<ul>\n<li><strong>Okil ertainaren ekologia eta oihan-kudeaketarako irizpideak<\/strong><\/li>\n<\/ul>\n<p style=\"padding-left: 100px;\"><a href=\"https:\/\/www.habios.eu\/wp-content\/uploads\/2020\/11\/2020-10-28_2_07-Txema-Fernandez.pdf\"><img loading=\"lazy\" decoding=\"async\" class=\"alignnone\" src=\"https:\/\/www.habios.eu\/wp-content\/uploads\/2020\/11\/VerPDF.png\" alt=\"\" width=\"25\" height=\"25\" \/><\/a> <a href=\"https:\/\/vimeo.com\/494098367\"><img loading=\"lazy\" decoding=\"async\" class=\"alignnone\" src=\"https:\/\/www.habios.eu\/wp-content\/uploads\/2020\/11\/video.png\" alt=\"\" width=\"25\" height=\"25\" \/><\/a> <strong>Jos\u00e9 Mar\u00eda Fern\u00e1ndez<\/strong>. Fundaci\u00f3n HAZI Fundazioa<\/p>\n<ul>\n<li><strong>Espezieak oihan kudeaketan kontserbatzeko orientabideak eta haien aplikazioa kasu praktikoetan.<\/strong><\/li>\n<\/ul>\n<p style=\"padding-left: 100px;\"><a href=\"https:\/\/www.habios.eu\/wp-content\/uploads\/2020\/11\/2020-10-28_2_08-Jordi-Camprodon.pdf\"><img loading=\"lazy\" decoding=\"async\" class=\"alignnone\" src=\"https:\/\/www.habios.eu\/wp-content\/uploads\/2020\/11\/VerPDF.png\" alt=\"\" width=\"25\" height=\"25\" \/><\/a> <a href=\"https:\/\/vimeo.com\/494098488\"><img loading=\"lazy\" decoding=\"async\" class=\"alignnone\" src=\"https:\/\/www.habios.eu\/wp-content\/uploads\/2020\/11\/video.png\" alt=\"\" width=\"25\" height=\"25\" \/><\/a> <strong>Jordi Camprodon<\/strong>. Centre de Ci\u00e8ncia i Tecnologia Forestal de Catalunya<\/p>\n<ul>\n<li><a href=\"https:\/\/vimeo.com\/495154824\"><img loading=\"lazy\" decoding=\"async\" class=\"alignnone\" src=\"https:\/\/www.habios.eu\/wp-content\/uploads\/2020\/11\/video.png\" alt=\"\" width=\"25\" height=\"25\" \/><\/a><strong> GALDEREN TXANDA<\/strong><\/li>\n<\/ul>\n            <\/div>        <\/div>    <\/div><\/section>\n<\/div><br \/>\n<section class=\"av_textblock_section \"  itemscope=\"itemscope\" itemtype=\"https:\/\/schema.org\/CreativeWork\" ><div class='avia_textblock  '   itemprop=\"text\" ><\/div><\/section><br \/>\n<section class=\"av_textblock_section \"  itemscope=\"itemscope\" itemtype=\"https:\/\/schema.org\/CreativeWork\" ><div class='avia_textblock  '   itemprop=\"text\" ><\/div><\/section><br \/>\n<section class=\"av_textblock_section \"  itemscope=\"itemscope\" itemtype=\"https:\/\/schema.org\/CreativeWork\" ><div class='avia_textblock  '   itemprop=\"text\" ><\/div><\/section><br \/>\n<div style='padding-bottom:10px; font-size:20px;' class='av-special-heading av-special-heading-h3  blockquote modern-quote   av-inherit-size '><h3 class='av-special-heading-tag '  itemprop=\"headline\"  >OSTEGUNA, urriaren 29a<\/h3><div class='special-heading-border'><div class='special-heading-inner-border' ><\/div><\/div><\/div><br \/>\n<div class=\"togglecontainer  av-minimal-toggle toggle_close_all \" >\n<section class=\"av_toggle_section\"  itemscope=\"itemscope\" itemtype=\"https:\/\/schema.org\/CreativeWork\"  >    <div class=\"single_toggle\" data-tags=\"{Todo} \"  >        <p data-fake-id=\"#toggle-id-3\" class=\"toggler  av-inherit-font-color \"  itemprop=\"headline\"  style='background-color: #f9f9f9; color: #000000; '>Pirinietako hegazti bioadierazleak kontserbatzeko baterako jarduketak eta emaitzak<span class=\"toggle_icon\" style='border-color:#000000;'>        <span class=\"vert_icon\"><\/span><span class=\"hor_icon\"><\/span><\/span><\/p>        <div id=\"toggle-id-3-container\" class=\"toggle_wrap \"  >            <div class=\"toggle_content invers-color  av-inherit-font-color \"  itemprop=\"text\"  style='background-color: #f9f9f9; color: #000000; ' ><ul>\n<li><strong>Jardunaldiaren sarrera.<\/strong><\/li>\n<\/ul>\n<p style=\"padding-left: 100px;\"><a href=\"https:\/\/www.habios.eu\/wp-content\/uploads\/2020\/11\/2020-10-29_1_00-Quentin-Giry_Intro.pdf\"><img loading=\"lazy\" decoding=\"async\" class=\"alignnone\" src=\"https:\/\/www.habios.eu\/wp-content\/uploads\/2020\/11\/VerPDF.png\" alt=\"\" width=\"25\" height=\"25\" \/><\/a> <strong>Quentin Giry<\/strong>. Office National des For\u00eats. Aurkezlea.<\/p>\n<ul>\n<li><strong>Frantziako Pirinioetan eper grisaren habitata hobetzeko esperientzia.<\/strong><\/li>\n<\/ul>\n<p style=\"padding-left: 100px;\"><a href=\"https:\/\/www.habios.eu\/wp-content\/uploads\/2020\/11\/2020-10-29_1_01-Karine-Saint-Hilaire.pdf\"><img loading=\"lazy\" decoding=\"async\" class=\"alignnone\" src=\"https:\/\/www.habios.eu\/wp-content\/uploads\/2020\/11\/VerPDF.png\" alt=\"\" width=\"25\" height=\"25\" \/><\/a> <a href=\"https:\/\/vimeo.com\/495155211\"><img loading=\"lazy\" decoding=\"async\" class=\"alignnone\" src=\"https:\/\/www.habios.eu\/wp-content\/uploads\/2020\/11\/video.png\" alt=\"\" width=\"25\" height=\"25\" \/><\/a> <strong>Karine Saint-Hilaire<\/strong>. F\u00e9d\u00e9ration R\u00e9gionale des Chasseurs d\u2019Occitanie<\/p>\n<ul>\n<li><strong>Basoilarraren habitata hobetzeko esperientzia<\/strong><\/li>\n<\/ul>\n<p style=\"padding-left: 100px;\"><a href=\"https:\/\/www.habios.eu\/wp-content\/uploads\/2020\/11\/2020-10-29_1_02-Quentin-Giry.pdf\"><img loading=\"lazy\" decoding=\"async\" class=\"alignnone\" src=\"https:\/\/www.habios.eu\/wp-content\/uploads\/2020\/11\/VerPDF.png\" alt=\"\" width=\"25\" height=\"25\" \/><\/a> <a href=\"https:\/\/vimeo.com\/495155288\"><img loading=\"lazy\" decoding=\"async\" class=\"alignnone\" src=\"https:\/\/www.habios.eu\/wp-content\/uploads\/2020\/11\/video.png\" alt=\"\" width=\"25\" height=\"25\" \/><\/a> <strong>Quentin Giry<\/strong>. Office National des For\u00eats.<\/p>\n<ul>\n<li><strong>Eper grisaren eta basoilarraren habitata hobetzeko beste esperientzia batzuk. Balioa emateko tresna.<\/strong><\/li>\n<\/ul>\n<p style=\"padding-left: 100px;\"><a href=\"https:\/\/www.habios.eu\/wp-content\/uploads\/2020\/11\/2020-10-29_1_03-Karine-Saint-Hilaire.pdf\"><img loading=\"lazy\" decoding=\"async\" class=\"alignnone\" src=\"https:\/\/www.habios.eu\/wp-content\/uploads\/2020\/11\/VerPDF.png\" alt=\"\" width=\"25\" height=\"25\" \/><\/a> <a href=\"https:\/\/vimeo.com\/495155345\"><img loading=\"lazy\" decoding=\"async\" class=\"alignnone\" src=\"https:\/\/www.habios.eu\/wp-content\/uploads\/2020\/11\/video.png\" alt=\"\" width=\"25\" height=\"25\" \/><\/a> <strong>Karine Saint-Hilaire<\/strong>. F\u00e9d\u00e9ration R\u00e9gionale des Chasseurs d\u2019Occitanie<\/p>\n<ul>\n<li><strong>Kudeaketa neurrien eraginkortasuna neurtzeko tresnak.<\/strong><\/li>\n<\/ul>\n<p style=\"padding-left: 100px;\"><a href=\"https:\/\/www.habios.eu\/wp-content\/uploads\/2020\/11\/2020-10-29_1_04-Emmanuel-Menoni.pdf\"><img loading=\"lazy\" decoding=\"async\" class=\"alignnone\" src=\"https:\/\/www.habios.eu\/wp-content\/uploads\/2020\/11\/VerPDF.png\" alt=\"\" width=\"25\" height=\"25\" \/><\/a> <a href=\"https:\/\/vimeo.com\/495155460\"><img loading=\"lazy\" decoding=\"async\" class=\"alignnone\" src=\"https:\/\/www.habios.eu\/wp-content\/uploads\/2020\/11\/video.png\" alt=\"\" width=\"25\" height=\"25\" \/><\/a> <strong>Emmanuel Menoni<\/strong>.\u00a0Office Fran\u00e7ais de la Biodiversit\u00e9<\/p>\n<ul>\n<li><strong>Basoilarraren habitata oihan-ingurunean kontserbatzeko ekintzen ebaluazioa<\/strong><\/li>\n<\/ul>\n<p style=\"padding-left: 100px;\"><a href=\"https:\/\/www.habios.eu\/wp-content\/uploads\/2020\/11\/2020-10-29_1_05-Quentin-Giry.pdf\"><img loading=\"lazy\" decoding=\"async\" class=\"alignnone\" src=\"https:\/\/www.habios.eu\/wp-content\/uploads\/2020\/11\/VerPDF.png\" alt=\"\" width=\"25\" height=\"25\" \/><\/a> <a href=\"https:\/\/vimeo.com\/495155544\"><img loading=\"lazy\" decoding=\"async\" class=\"alignnone\" src=\"https:\/\/www.habios.eu\/wp-content\/uploads\/2020\/11\/video.png\" alt=\"\" width=\"25\" height=\"25\" \/><\/a> <strong>Quentin Giry<\/strong>. Office National des For\u00eats<\/p>\n<ul>\n<li><strong>Faktore antropikoak murriztera bideratutako jarduketak: kable eta hesiei ikusgaitasuna ematea<\/strong><\/li>\n<\/ul>\n<p style=\"padding-left: 100px;\"><a href=\"https:\/\/www.habios.eu\/wp-content\/uploads\/2020\/11\/2020-10-29_1_06-Julie-Gabrieli.pdf\"><img loading=\"lazy\" decoding=\"async\" class=\"alignnone\" src=\"https:\/\/www.habios.eu\/wp-content\/uploads\/2020\/11\/VerPDF.png\" alt=\"\" width=\"25\" height=\"25\" \/><\/a> <a href=\"https:\/\/vimeo.com\/495155739\"><img loading=\"lazy\" decoding=\"async\" class=\"alignnone\" src=\"https:\/\/www.habios.eu\/wp-content\/uploads\/2020\/11\/video.png\" alt=\"\" width=\"25\" height=\"25\" \/><\/a> <strong>Julie Gabrieli<\/strong>. Observatoire des Galliformes de Montagne<\/p>\n<ul>\n<li><strong>Herritar zientzia: pizidoen ugaritasuna neurtzeko laginketa parte-hartzailea<\/strong><\/li>\n<\/ul>\n<p style=\"padding-left: 100px;\"><a href=\"https:\/\/www.habios.eu\/wp-content\/uploads\/2020\/11\/2020-10-29_1_07-Julien-Vergne-Virginie-Couanon.pdf\"><img loading=\"lazy\" decoding=\"async\" class=\"alignnone\" src=\"https:\/\/www.habios.eu\/wp-content\/uploads\/2020\/11\/VerPDF.png\" alt=\"\" width=\"25\" height=\"25\" \/><\/a> <a href=\"https:\/\/vimeo.com\/495155824\"><img loading=\"lazy\" decoding=\"async\" class=\"alignnone\" src=\"https:\/\/www.habios.eu\/wp-content\/uploads\/2020\/11\/video.png\" alt=\"\" width=\"25\" height=\"25\" \/><\/a> <strong>Julien Vergne<\/strong>. Association des Naturalistes de l&#8217;Ari\u00e8ge. <strong> Virginie Couanon<\/strong>. LPO<\/p>\n<ul>\n<li><a href=\"https:\/\/vimeo.com\/495154949\"><img loading=\"lazy\" decoding=\"async\" class=\"alignnone\" src=\"https:\/\/www.habios.eu\/wp-content\/uploads\/2020\/11\/video.png\" alt=\"\" width=\"25\" height=\"25\" \/><\/a><strong> GALDEREN TXANDA<\/strong><\/li>\n<\/ul>\n<ul>\n<li><strong>HABIOS amaierako mintegiaren itxiera<\/strong><\/li>\n<\/ul>\n<p style=\"padding-left: 100px;\"><a href=\"https:\/\/vimeo.com\/495155166\"><img loading=\"lazy\" decoding=\"async\" class=\"alignnone\" src=\"https:\/\/www.habios.eu\/wp-content\/uploads\/2020\/11\/video.png\" alt=\"\" width=\"25\" height=\"25\" \/><\/a> <strong>Luis Sanz<\/strong>. Zuzendari-Gerentea. Nafarroako Ingurumen Kudeaketa<\/p>\n            <\/div>        <\/div>    <\/div><\/section>\n<\/div><\/p><\/div><div class=\"flex_column av_one_fourth  flex_column_div av-zero-column-padding   \" style='border-radius:0px; '><div class='avia-image-container  av-styling-    avia-align-center '  itemprop=\"ImageObject\" itemscope=\"itemscope\" itemtype=\"https:\/\/schema.org\/ImageObject\"  ><div class='avia-image-container-inner'><div class='avia-image-overlay-wrap'><img class='avia_image ' src='https:\/\/www.habios.eu\/eus\/wp-content\/uploads\/sites\/3\/2020\/10\/HABIOS-egitaraua_Pag1-207x300.jpg' alt='' title='HABIOS-egitaraua_Pag1' height=\"300\"width=\"207\"  itemprop=\"thumbnailUrl\"  \/><\/div><\/div><\/div><\/div><\/p>\n","protected":false},"excerpt":{"rendered":"","protected":false},"author":2,"featured_media":0,"parent":0,"menu_order":0,"comment_status":"closed","ping_status":"closed","template":"","meta":{"footnotes":""},"class_list":["post-18313","page","type-page","status-publish","hentry"],"_links":{"self":[{"href":"https:\/\/www.habios.eu\/eus\/wp-json\/wp\/v2\/pages\/18313","targetHints":{"allow":["GET"]}}],"collection":[{"href":"https:\/\/www.habios.eu\/eus\/wp-json\/wp\/v2\/pages"}],"about":[{"href":"https:\/\/www.habios.eu\/eus\/wp-json\/wp\/v2\/types\/page"}],"author":[{"embeddable":true,"href":"https:\/\/www.habios.eu\/eus\/wp-json\/wp\/v2\/users\/2"}],"replies":[{"embeddable":true,"href":"https:\/\/www.habios.eu\/eus\/wp-json\/wp\/v2\/comments?post=18313"}],"version-history":[{"count":14,"href":"https:\/\/www.habios.eu\/eus\/wp-json\/wp\/v2\/pages\/18313\/revisions"}],"predecessor-version":[{"id":18363,"href":"https:\/\/www.habios.eu\/eus\/wp-json\/wp\/v2\/pages\/18313\/revisions\/18363"}],"wp:attachment":[{"href":"https:\/\/www.habios.eu\/eus\/wp-json\/wp\/v2\/media?parent=18313"}],"curies":[{"name":"wp","href":"https:\/\/api.w.org\/{rel}","templated":true}]}}